{"id":180689,"date":"2025-02-11T18:49:01","date_gmt":"2025-02-11T21:49:01","guid":{"rendered":"https:\/\/www.portaljericoacoara.com.br\/?page_id=180689"},"modified":"2025-02-11T19:15:18","modified_gmt":"2025-02-11T22:15:18","slug":"casa-no-roof-top-para-alugar-em-jericoacoara","status":"publish","type":"page","link":"https:\/\/www.portaljericoacoara.com.br\/en\/casa-no-roof-top-para-alugar-em-jericoacoara\/","title":{"rendered":"Casa no Roof Top para alugar em Jericoacoara"},"content":{"rendered":"\t\t<div data-elementor-type=\"wp-post\" data-elementor-id=\"180689\" class=\"elementor elementor-180689\" data-elementor-post-type=\"page\">\n\t\t\t\t\t\t<section class=\"elementor-section elementor-top-section elementor-element elementor-element-3a49ccb elementor-section-boxed elementor-section-height-default elementor-section-height-default\" data-id=\"3a49ccb\" data-element_type=\"section\">\n\t\t\t\t\t\t<div class=\"elementor-container elementor-column-gap-default\">\n\t\t\t\t\t<div class=\"elementor-column elementor-col-100 elementor-top-column elementor-element elementor-element-83bc7c6\" data-id=\"83bc7c6\" data-element_type=\"column\">\n\t\t\t<div class=\"elementor-widget-wrap elementor-element-populated\">\n\t\t\t\t\t\t<div class=\"elementor-element elementor-element-bf7d788 elementor-widget elementor-widget-heading\" data-id=\"bf7d788\" data-element_type=\"widget\" data-widget_type=\"heading.default\">\n\t\t\t\t<div class=\"elementor-widget-container\">\n\t\t\t\t\t<h1 class=\"elementor-heading-title elementor-size-large\">Casa no Roof Top para alugar em Jericoacoara<\/h1>\t\t\t\t<\/div>\n\t\t\t\t<\/div>\n\t\t\t\t<div class=\"elementor-element elementor-element-fe2bad6 elementor-widget elementor-widget-heading\" data-id=\"fe2bad6\" data-element_type=\"widget\" data-widget_type=\"heading.default\">\n\t\t\t\t<div class=\"elementor-widget-container\">\n\t\t\t\t\t<h2 class=\"elementor-heading-title elementor-size-default\">Valor R$ 2.800 mensal<\/h2>\t\t\t\t<\/div>\n\t\t\t\t<\/div>\n\t\t\t\t<div class=\"elementor-element elementor-element-0bcef51 elementor-widget elementor-widget-image\" data-id=\"0bcef51\" data-element_type=\"widget\" data-widget_type=\"image.default\">\n\t\t\t\t<div class=\"elementor-widget-container\">\n\t\t\t\t\t\t\t\t\t\t\t\t\t\t\t\t<a href=\"https:\/\/api.whatsapp.com\/send?l=pt-BR&#038;phone=558899299339&#038;text=Contato%20do%20Portal%20Jericoacoara\" target=\"_blank\" rel=\"nofollow noopener\">\n\t\t\t\t\t\t\t<img decoding=\"async\" src=\"https:\/\/www.portaljericoacoara.com.br\/en\/wp-content\/uploads\/elementor\/thumbs\/botao-whatsapp-q583gsx2mvutyjsf5k7jm7glh5u94ydjutpjgdi4k4.png\" title=\"botao whatsapp\" alt=\"botao whatsapp\" loading=\"lazy\" \/>\t\t\t\t\t\t\t\t<\/a>\n\t\t\t\t\t\t\t\t\t\t\t\t\t\t\t<\/div>\n\t\t\t\t<\/div>\n\t\t\t\t<div class=\"elementor-element elementor-element-7d95021 elementor-view-stacked elementor-widget__width-auto elementor-widget-mobile__width-auto elementor-fixed elementor-shape-circle elementor-widget elementor-widget-icon\" data-id=\"7d95021\" data-element_type=\"widget\" data-settings=\"{&quot;_position&quot;:&quot;fixed&quot;}\" data-widget_type=\"icon.default\">\n\t\t\t\t<div class=\"elementor-widget-container\">\n\t\t\t\t\t\t\t<div class=\"elementor-icon-wrapper\">\n\t\t\t<a class=\"elementor-icon elementor-animation-pop\" href=\"https:\/\/api.whatsapp.com\/send?l=pt-BR&#038;phone=558899299339&#038;text=Contato%20do%20Portal%20Jericoacoara\" target=\"_blank\" rel=\"nofollow noopener\">\n\t\t\t<svg aria-hidden=\"true\" class=\"e-font-icon-svg e-fab-whatsapp\" viewBox=\"0 0 448 512\" xmlns=\"http:\/\/www.w3.org\/2000\/svg\"><path d=\"M380.9 97.1C339 55.1 283.2 32 223.9 32c-122.4 0-222 99.6-222 222 0 39.1 10.2 77.3 29.6 111L0 480l117.7-30.9c32.4 17.7 68.9 27 106.1 27h.1c122.3 0 224.1-99.6 224.1-222 0-59.3-25.2-115-67.1-157zm-157 341.6c-33.2 0-65.7-8.9-94-25.7l-6.7-4-69.8 18.3L72 359.2l-4.4-7c-18.5-29.4-28.2-63.3-28.2-98.2 0-101.7 82.8-184.5 184.6-184.5 49.3 0 95.6 19.2 130.4 54.1 34.8 34.9 56.2 81.2 56.1 130.5 0 101.8-84.9 184.6-186.6 184.6zm101.2-138.2c-5.5-2.8-32.8-16.2-37.9-18-5.1-1.9-8.8-2.8-12.5 2.8-3.7 5.6-14.3 18-17.6 21.8-3.2 3.7-6.5 4.2-12 1.4-32.6-16.3-54-29.1-75.5-66-5.7-9.8 5.7-9.1 16.3-30.3 1.8-3.7.9-6.9-.5-9.7-1.4-2.8-12.5-30.1-17.1-41.2-4.5-10.8-9.1-9.3-12.5-9.5-3.2-.2-6.9-.2-10.6-.2-3.7 0-9.7 1.4-14.8 6.9-5.1 5.6-19.4 19-19.4 46.3 0 27.3 19.9 53.7 22.6 57.4 2.8 3.7 39.1 59.7 94.8 83.8 35.2 15.2 49 16.5 66.6 13.9 10.7-1.6 32.8-13.4 37.4-26.4 4.6-13 4.6-24.1 3.2-26.4-1.3-2.5-5-3.9-10.5-6.6z\"><\/path><\/svg>\t\t\t<\/a>\n\t\t<\/div>\n\t\t\t\t\t\t<\/div>\n\t\t\t\t<\/div>\n\t\t\t\t<div class=\"elementor-element elementor-element-f61c781 elementor-widget elementor-widget-text-editor\" data-id=\"f61c781\" data-element_type=\"widget\" data-widget_type=\"text-editor.default\">\n\t\t\t\t<div class=\"elementor-widget-container\">\n\t\t\t\t\t\t\t\t\t<p><strong>Aluga-se at\u00e9 julho casa no centro de Jericoacoara :<\/strong><\/p><p>No roof top <br \/>Casa com : 2 quartos de casal, um banheiro ducha quente, sala com sof\u00e1s, sof\u00e1 cama, cozinha, 50 m da praia.<\/p>\t\t\t\t\t\t\t\t<\/div>\n\t\t\t\t<\/div>\n\t\t\t\t<div class=\"elementor-element elementor-element-f4be3f2 elementor-widget elementor-widget-image\" data-id=\"f4be3f2\" data-element_type=\"widget\" data-widget_type=\"image.default\">\n\t\t\t\t<div class=\"elementor-widget-container\">\n\t\t\t\t\t\t\t\t\t\t\t\t\t\t\t<img fetchpriority=\"high\" decoding=\"async\" width=\"1280\" height=\"854\" src=\"https:\/\/www.portaljericoacoara.com.br\/en\/wp-content\/uploads\/2025\/02\/Casa-no-roof-top-para-alugar-em-Jericoacoara.jpg\" class=\"attachment-full size-full wp-image-180692\" alt=\"Casa no roof top para alugar em Jericoacoara\" srcset=\"https:\/\/www.portaljericoacoara.com.br\/en\/wp-content\/uploads\/2025\/02\/Casa-no-roof-top-para-alugar-em-Jericoacoara.jpg 1280w, https:\/\/www.portaljericoacoara.com.br\/en\/wp-content\/uploads\/2025\/02\/Casa-no-roof-top-para-alugar-em-Jericoacoara-300x200.jpg 300w, https:\/\/www.portaljericoacoara.com.br\/en\/wp-content\/uploads\/2025\/02\/Casa-no-roof-top-para-alugar-em-Jericoacoara-1024x683.jpg 1024w, https:\/\/www.portaljericoacoara.com.br\/en\/wp-content\/uploads\/2025\/02\/Casa-no-roof-top-para-alugar-em-Jericoacoara-768x512.jpg 768w, https:\/\/www.portaljericoacoara.com.br\/en\/wp-content\/uploads\/2025\/02\/Casa-no-roof-top-para-alugar-em-Jericoacoara-18x12.jpg 18w\" sizes=\"(max-width: 1280px) 100vw, 1280px\" \/>\t\t\t\t\t\t\t\t\t\t\t\t\t\t\t<\/div>\n\t\t\t\t<\/div>\n\t\t\t\t<div class=\"elementor-element elementor-element-d946476 elementor-align-center elementor-icon-list--layout-inline elementor-list-item-link-full_width elementor-widget elementor-widget-icon-list\" data-id=\"d946476\" data-element_type=\"widget\" data-widget_type=\"icon-list.default\">\n\t\t\t\t<div class=\"elementor-widget-container\">\n\t\t\t\t\t\t\t<ul class=\"elementor-icon-list-items elementor-inline-items\">\n\t\t\t\t\t\t\t<li class=\"elementor-icon-list-item elementor-inline-item\">\n\t\t\t\t\t\t\t\t\t\t\t<a href=\"https:\/\/api.whatsapp.com\/send?l=pt-BR&#038;phone=558899299339&#038;text=Contato%20do%20Portal%20Jericoacoara\" target=\"_blank\" rel=\"nofollow noopener\">\n\n\t\t\t\t\t\t\t\t\t\t\t\t<span class=\"elementor-icon-list-icon\">\n\t\t\t\t\t\t\t<svg aria-hidden=\"true\" class=\"e-font-icon-svg e-fab-whatsapp-square\" viewBox=\"0 0 448 512\" xmlns=\"http:\/\/www.w3.org\/2000\/svg\"><path d=\"M224 122.8c-72.7 0-131.8 59.1-131.9 131.8 0 24.9 7 49.2 20.2 70.1l3.1 5-13.3 48.6 49.9-13.1 4.8 2.9c20.2 12 43.4 18.4 67.1 18.4h.1c72.6 0 133.3-59.1 133.3-131.8 0-35.2-15.2-68.3-40.1-93.2-25-25-58-38.7-93.2-38.7zm77.5 188.4c-3.3 9.3-19.1 17.7-26.7 18.8-12.6 1.9-22.4.9-47.5-9.9-39.7-17.2-65.7-57.2-67.7-59.8-2-2.6-16.2-21.5-16.2-41s10.2-29.1 13.9-33.1c3.6-4 7.9-5 10.6-5 2.6 0 5.3 0 7.6.1 2.4.1 5.7-.9 8.9 6.8 3.3 7.9 11.2 27.4 12.2 29.4s1.7 4.3.3 6.9c-7.6 15.2-15.7 14.6-11.6 21.6 15.3 26.3 30.6 35.4 53.9 47.1 4 2 6.3 1.7 8.6-1 2.3-2.6 9.9-11.6 12.5-15.5 2.6-4 5.3-3.3 8.9-2 3.6 1.3 23.1 10.9 27.1 12.9s6.6 3 7.6 4.6c.9 1.9.9 9.9-2.4 19.1zM400 32H48C21.5 32 0 53.5 0 80v352c0 26.5 21.5 48 48 48h352c26.5 0 48-21.5 48-48V80c0-26.5-21.5-48-48-48zM223.9 413.2c-26.6 0-52.7-6.7-75.8-19.3L64 416l22.5-82.2c-13.9-24-21.2-51.3-21.2-79.3C65.4 167.1 136.5 96 223.9 96c42.4 0 82.2 16.5 112.2 46.5 29.9 30 47.9 69.8 47.9 112.2 0 87.4-72.7 158.5-160.1 158.5z\"><\/path><\/svg>\t\t\t\t\t\t<\/span>\n\t\t\t\t\t\t\t\t\t\t<span class=\"elementor-icon-list-text\">+55 88 9929-9339<\/span>\n\t\t\t\t\t\t\t\t\t\t\t<\/a>\n\t\t\t\t\t\t\t\t\t<\/li>\n\t\t\t\t\t\t<\/ul>\n\t\t\t\t\t\t<\/div>\n\t\t\t\t<\/div>\n\t\t\t\t<div class=\"elementor-element elementor-element-1501dc0 elementor-widget elementor-widget-heading\" data-id=\"1501dc0\" data-element_type=\"widget\" data-widget_type=\"heading.default\">\n\t\t\t\t<div class=\"elementor-widget-container\">\n\t\t\t\t\t<h2 class=\"elementor-heading-title elementor-size-default\">Galeria de Imagens<\/h2>\t\t\t\t<\/div>\n\t\t\t\t<\/div>\n\t\t\t\t<div class=\"elementor-element elementor-element-e0d37e8 elementor-arrows-position-inside elementor-pagination-position-outside elementor-widget elementor-widget-image-carousel\" data-id=\"e0d37e8\" data-element_type=\"widget\" data-settings=\"{&quot;slides_to_show&quot;:&quot;3&quot;,&quot;image_spacing_custom&quot;:{&quot;unit&quot;:&quot;px&quot;,&quot;size&quot;:5,&quot;sizes&quot;:[]},&quot;navigation&quot;:&quot;both&quot;,&quot;autoplay&quot;:&quot;yes&quot;,&quot;pause_on_hover&quot;:&quot;yes&quot;,&quot;pause_on_interaction&quot;:&quot;yes&quot;,&quot;autoplay_speed&quot;:5000,&quot;infinite&quot;:&quot;yes&quot;,&quot;speed&quot;:500,&quot;image_spacing_custom_tablet&quot;:{&quot;unit&quot;:&quot;px&quot;,&quot;size&quot;:&quot;&quot;,&quot;sizes&quot;:[]},&quot;image_spacing_custom_mobile&quot;:{&quot;unit&quot;:&quot;px&quot;,&quot;size&quot;:&quot;&quot;,&quot;sizes&quot;:[]}}\" data-widget_type=\"image-carousel.default\">\n\t\t\t\t<div class=\"elementor-widget-container\">\n\t\t\t\t\t\t\t<div class=\"elementor-image-carousel-wrapper swiper\" role=\"region\" aria-roledescription=\"carousel\" aria-label=\"Carrossel de imagens\" dir=\"ltr\">\n\t\t\t<div class=\"elementor-image-carousel swiper-wrapper\" aria-live=\"off\">\n\t\t\t\t\t\t\t\t<div class=\"swiper-slide\" role=\"group\" aria-roledescription=\"slide\" aria-label=\"1 of 11\"><a data-elementor-open-lightbox=\"yes\" data-elementor-lightbox-slideshow=\"e0d37e8\" data-elementor-lightbox-title=\"Casa no roof top para alugar em Jericoacoara 01\" data-elementor-lightbox-description=\"Casa no roof top para alugar em Jericoacoara \" data-e-action-hash=\"#elementor-action%3Aaction%3Dlightbox%26settings%3DeyJpZCI6MTgwNjkzLCJ1cmwiOiJodHRwczpcL1wvd3d3LnBvcnRhbGplcmljb2Fjb2FyYS5jb20uYnJcL2VuXC93cC1jb250ZW50XC91cGxvYWRzXC8yMDI1XC8wMlwvQ2FzYS1uby1yb29mLXRvcC1wYXJhLWFsdWdhci1lbS1KZXJpY29hY29hcmEtMDEuanBnIiwic2xpZGVzaG93IjoiZTBkMzdlOCJ9\" href=\"https:\/\/www.portaljericoacoara.com.br\/en\/wp-content\/uploads\/2025\/02\/Casa-no-roof-top-para-alugar-em-Jericoacoara-01.jpg\"><figure class=\"swiper-slide-inner\"><img decoding=\"async\" class=\"swiper-slide-image\" src=\"https:\/\/www.portaljericoacoara.com.br\/en\/wp-content\/uploads\/2025\/02\/Casa-no-roof-top-para-alugar-em-Jericoacoara-01.jpg\" alt=\"Casa no roof top para alugar em Jericoacoara\" \/><\/figure><\/a><\/div><div class=\"swiper-slide\" role=\"group\" aria-roledescription=\"slide\" aria-label=\"2 of 11\"><a data-elementor-open-lightbox=\"yes\" data-elementor-lightbox-slideshow=\"e0d37e8\" data-elementor-lightbox-title=\"Casa no roof top para alugar em Jericoacoara 02\" data-elementor-lightbox-description=\"Casa no roof top para alugar em Jericoacoara \" data-e-action-hash=\"#elementor-action%3Aaction%3Dlightbox%26settings%3DeyJpZCI6MTgwNjk0LCJ1cmwiOiJodHRwczpcL1wvd3d3LnBvcnRhbGplcmljb2Fjb2FyYS5jb20uYnJcL2VuXC93cC1jb250ZW50XC91cGxvYWRzXC8yMDI1XC8wMlwvQ2FzYS1uby1yb29mLXRvcC1wYXJhLWFsdWdhci1lbS1KZXJpY29hY29hcmEtMDIuanBnIiwic2xpZGVzaG93IjoiZTBkMzdlOCJ9\" href=\"https:\/\/www.portaljericoacoara.com.br\/en\/wp-content\/uploads\/2025\/02\/Casa-no-roof-top-para-alugar-em-Jericoacoara-02.jpg\"><figure class=\"swiper-slide-inner\"><img decoding=\"async\" class=\"swiper-slide-image\" src=\"https:\/\/www.portaljericoacoara.com.br\/en\/wp-content\/uploads\/2025\/02\/Casa-no-roof-top-para-alugar-em-Jericoacoara-02.jpg\" alt=\"Casa no roof top para alugar em Jericoacoara\" \/><\/figure><\/a><\/div><div class=\"swiper-slide\" role=\"group\" aria-roledescription=\"slide\" aria-label=\"3 of 11\"><a data-elementor-open-lightbox=\"yes\" data-elementor-lightbox-slideshow=\"e0d37e8\" data-elementor-lightbox-title=\"Casa no roof top para alugar em Jericoacoara 03\" data-elementor-lightbox-description=\"Casa no roof top para alugar em Jericoacoara \" data-e-action-hash=\"#elementor-action%3Aaction%3Dlightbox%26settings%3DeyJpZCI6MTgwNjk1LCJ1cmwiOiJodHRwczpcL1wvd3d3LnBvcnRhbGplcmljb2Fjb2FyYS5jb20uYnJcL2VuXC93cC1jb250ZW50XC91cGxvYWRzXC8yMDI1XC8wMlwvQ2FzYS1uby1yb29mLXRvcC1wYXJhLWFsdWdhci1lbS1KZXJpY29hY29hcmEtMDMuanBnIiwic2xpZGVzaG93IjoiZTBkMzdlOCJ9\" href=\"https:\/\/www.portaljericoacoara.com.br\/en\/wp-content\/uploads\/2025\/02\/Casa-no-roof-top-para-alugar-em-Jericoacoara-03.jpg\"><figure class=\"swiper-slide-inner\"><img decoding=\"async\" class=\"swiper-slide-image\" src=\"https:\/\/www.portaljericoacoara.com.br\/en\/wp-content\/uploads\/2025\/02\/Casa-no-roof-top-para-alugar-em-Jericoacoara-03.jpg\" alt=\"Casa no roof top para alugar em Jericoacoara\" \/><\/figure><\/a><\/div><div class=\"swiper-slide\" role=\"group\" aria-roledescription=\"slide\" aria-label=\"4 of 11\"><a data-elementor-open-lightbox=\"yes\" data-elementor-lightbox-slideshow=\"e0d37e8\" data-elementor-lightbox-title=\"Casa no roof top para alugar em Jericoacoara 04\" data-elementor-lightbox-description=\"Casa no roof top para alugar em Jericoacoara \" data-e-action-hash=\"#elementor-action%3Aaction%3Dlightbox%26settings%3DeyJpZCI6MTgwNjk2LCJ1cmwiOiJodHRwczpcL1wvd3d3LnBvcnRhbGplcmljb2Fjb2FyYS5jb20uYnJcL2VuXC93cC1jb250ZW50XC91cGxvYWRzXC8yMDI1XC8wMlwvQ2FzYS1uby1yb29mLXRvcC1wYXJhLWFsdWdhci1lbS1KZXJpY29hY29hcmEtMDQuanBnIiwic2xpZGVzaG93IjoiZTBkMzdlOCJ9\" href=\"https:\/\/www.portaljericoacoara.com.br\/en\/wp-content\/uploads\/2025\/02\/Casa-no-roof-top-para-alugar-em-Jericoacoara-04.jpg\"><figure class=\"swiper-slide-inner\"><img decoding=\"async\" class=\"swiper-slide-image\" src=\"https:\/\/www.portaljericoacoara.com.br\/en\/wp-content\/uploads\/2025\/02\/Casa-no-roof-top-para-alugar-em-Jericoacoara-04.jpg\" alt=\"Casa no roof top para alugar em Jericoacoara\" \/><\/figure><\/a><\/div><div class=\"swiper-slide\" role=\"group\" aria-roledescription=\"slide\" aria-label=\"5 of 11\"><a data-elementor-open-lightbox=\"yes\" data-elementor-lightbox-slideshow=\"e0d37e8\" data-elementor-lightbox-title=\"Casa no roof top para alugar em Jericoacoara 05\" data-elementor-lightbox-description=\"Casa no roof top para alugar em Jericoacoara \" data-e-action-hash=\"#elementor-action%3Aaction%3Dlightbox%26settings%3DeyJpZCI6MTgwNjk3LCJ1cmwiOiJodHRwczpcL1wvd3d3LnBvcnRhbGplcmljb2Fjb2FyYS5jb20uYnJcL2VuXC93cC1jb250ZW50XC91cGxvYWRzXC8yMDI1XC8wMlwvQ2FzYS1uby1yb29mLXRvcC1wYXJhLWFsdWdhci1lbS1KZXJpY29hY29hcmEtMDUuanBnIiwic2xpZGVzaG93IjoiZTBkMzdlOCJ9\" href=\"https:\/\/www.portaljericoacoara.com.br\/en\/wp-content\/uploads\/2025\/02\/Casa-no-roof-top-para-alugar-em-Jericoacoara-05.jpg\"><figure class=\"swiper-slide-inner\"><img decoding=\"async\" class=\"swiper-slide-image\" src=\"https:\/\/www.portaljericoacoara.com.br\/en\/wp-content\/uploads\/2025\/02\/Casa-no-roof-top-para-alugar-em-Jericoacoara-05.jpg\" alt=\"Casa no roof top para alugar em Jericoacoara\" \/><\/figure><\/a><\/div><div class=\"swiper-slide\" role=\"group\" aria-roledescription=\"slide\" aria-label=\"6 of 11\"><a data-elementor-open-lightbox=\"yes\" data-elementor-lightbox-slideshow=\"e0d37e8\" data-elementor-lightbox-title=\"Casa no roof top para alugar em Jericoacoara 06\" data-elementor-lightbox-description=\"Casa no roof top para alugar em Jericoacoara \" data-e-action-hash=\"#elementor-action%3Aaction%3Dlightbox%26settings%3DeyJpZCI6MTgwNjk4LCJ1cmwiOiJodHRwczpcL1wvd3d3LnBvcnRhbGplcmljb2Fjb2FyYS5jb20uYnJcL2VuXC93cC1jb250ZW50XC91cGxvYWRzXC8yMDI1XC8wMlwvQ2FzYS1uby1yb29mLXRvcC1wYXJhLWFsdWdhci1lbS1KZXJpY29hY29hcmEtMDYuanBnIiwic2xpZGVzaG93IjoiZTBkMzdlOCJ9\" href=\"https:\/\/www.portaljericoacoara.com.br\/en\/wp-content\/uploads\/2025\/02\/Casa-no-roof-top-para-alugar-em-Jericoacoara-06.jpg\"><figure class=\"swiper-slide-inner\"><img decoding=\"async\" class=\"swiper-slide-image\" src=\"https:\/\/www.portaljericoacoara.com.br\/en\/wp-content\/uploads\/2025\/02\/Casa-no-roof-top-para-alugar-em-Jericoacoara-06.jpg\" alt=\"Casa no roof top para alugar em Jericoacoara\" \/><\/figure><\/a><\/div><div class=\"swiper-slide\" role=\"group\" aria-roledescription=\"slide\" aria-label=\"7 of 11\"><a data-elementor-open-lightbox=\"yes\" data-elementor-lightbox-slideshow=\"e0d37e8\" data-elementor-lightbox-title=\"Casa no roof top para alugar em Jericoacoara 07\" data-elementor-lightbox-description=\"Casa no roof top para alugar em Jericoacoara \" data-e-action-hash=\"#elementor-action%3Aaction%3Dlightbox%26settings%3DeyJpZCI6MTgwNjk5LCJ1cmwiOiJodHRwczpcL1wvd3d3LnBvcnRhbGplcmljb2Fjb2FyYS5jb20uYnJcL2VuXC93cC1jb250ZW50XC91cGxvYWRzXC8yMDI1XC8wMlwvQ2FzYS1uby1yb29mLXRvcC1wYXJhLWFsdWdhci1lbS1KZXJpY29hY29hcmEtMDcuanBnIiwic2xpZGVzaG93IjoiZTBkMzdlOCJ9\" href=\"https:\/\/www.portaljericoacoara.com.br\/en\/wp-content\/uploads\/2025\/02\/Casa-no-roof-top-para-alugar-em-Jericoacoara-07.jpg\"><figure class=\"swiper-slide-inner\"><img decoding=\"async\" class=\"swiper-slide-image\" src=\"https:\/\/www.portaljericoacoara.com.br\/en\/wp-content\/uploads\/2025\/02\/Casa-no-roof-top-para-alugar-em-Jericoacoara-07.jpg\" alt=\"Casa no roof top para alugar em Jericoacoara\" \/><\/figure><\/a><\/div><div class=\"swiper-slide\" role=\"group\" aria-roledescription=\"slide\" aria-label=\"8 of 11\"><a data-elementor-open-lightbox=\"yes\" data-elementor-lightbox-slideshow=\"e0d37e8\" data-elementor-lightbox-title=\"Casa no roof top para alugar em Jericoacoara 08\" data-elementor-lightbox-description=\"Casa no roof top para alugar em Jericoacoara \" data-e-action-hash=\"#elementor-action%3Aaction%3Dlightbox%26settings%3DeyJpZCI6MTgwNzAwLCJ1cmwiOiJodHRwczpcL1wvd3d3LnBvcnRhbGplcmljb2Fjb2FyYS5jb20uYnJcL2VuXC93cC1jb250ZW50XC91cGxvYWRzXC8yMDI1XC8wMlwvQ2FzYS1uby1yb29mLXRvcC1wYXJhLWFsdWdhci1lbS1KZXJpY29hY29hcmEtMDguanBnIiwic2xpZGVzaG93IjoiZTBkMzdlOCJ9\" href=\"https:\/\/www.portaljericoacoara.com.br\/en\/wp-content\/uploads\/2025\/02\/Casa-no-roof-top-para-alugar-em-Jericoacoara-08.jpg\"><figure class=\"swiper-slide-inner\"><img decoding=\"async\" class=\"swiper-slide-image\" src=\"https:\/\/www.portaljericoacoara.com.br\/en\/wp-content\/uploads\/2025\/02\/Casa-no-roof-top-para-alugar-em-Jericoacoara-08.jpg\" alt=\"Casa no roof top para alugar em Jericoacoara\" \/><\/figure><\/a><\/div><div class=\"swiper-slide\" role=\"group\" aria-roledescription=\"slide\" aria-label=\"9 of 11\"><a data-elementor-open-lightbox=\"yes\" data-elementor-lightbox-slideshow=\"e0d37e8\" data-elementor-lightbox-title=\"Casa no roof top para alugar em Jericoacoara 09\" data-elementor-lightbox-description=\"Casa no roof top para alugar em Jericoacoara \" data-e-action-hash=\"#elementor-action%3Aaction%3Dlightbox%26settings%3DeyJpZCI6MTgwNzAxLCJ1cmwiOiJodHRwczpcL1wvd3d3LnBvcnRhbGplcmljb2Fjb2FyYS5jb20uYnJcL2VuXC93cC1jb250ZW50XC91cGxvYWRzXC8yMDI1XC8wMlwvQ2FzYS1uby1yb29mLXRvcC1wYXJhLWFsdWdhci1lbS1KZXJpY29hY29hcmEtMDkuanBnIiwic2xpZGVzaG93IjoiZTBkMzdlOCJ9\" href=\"https:\/\/www.portaljericoacoara.com.br\/en\/wp-content\/uploads\/2025\/02\/Casa-no-roof-top-para-alugar-em-Jericoacoara-09.jpg\"><figure class=\"swiper-slide-inner\"><img decoding=\"async\" class=\"swiper-slide-image\" src=\"https:\/\/www.portaljericoacoara.com.br\/en\/wp-content\/uploads\/2025\/02\/Casa-no-roof-top-para-alugar-em-Jericoacoara-09.jpg\" alt=\"Casa no roof top para alugar em Jericoacoara\" \/><\/figure><\/a><\/div><div class=\"swiper-slide\" role=\"group\" aria-roledescription=\"slide\" aria-label=\"10 of 11\"><a data-elementor-open-lightbox=\"yes\" data-elementor-lightbox-slideshow=\"e0d37e8\" data-elementor-lightbox-title=\"Casa no roof top para alugar em Jericoacoara 10\" data-elementor-lightbox-description=\"Casa no roof top para alugar em Jericoacoara \" data-e-action-hash=\"#elementor-action%3Aaction%3Dlightbox%26settings%3DeyJpZCI6MTgwNzAyLCJ1cmwiOiJodHRwczpcL1wvd3d3LnBvcnRhbGplcmljb2Fjb2FyYS5jb20uYnJcL2VuXC93cC1jb250ZW50XC91cGxvYWRzXC8yMDI1XC8wMlwvQ2FzYS1uby1yb29mLXRvcC1wYXJhLWFsdWdhci1lbS1KZXJpY29hY29hcmEtMTAuanBnIiwic2xpZGVzaG93IjoiZTBkMzdlOCJ9\" href=\"https:\/\/www.portaljericoacoara.com.br\/en\/wp-content\/uploads\/2025\/02\/Casa-no-roof-top-para-alugar-em-Jericoacoara-10.jpg\"><figure class=\"swiper-slide-inner\"><img decoding=\"async\" class=\"swiper-slide-image\" src=\"https:\/\/www.portaljericoacoara.com.br\/en\/wp-content\/uploads\/2025\/02\/Casa-no-roof-top-para-alugar-em-Jericoacoara-10.jpg\" alt=\"Casa no roof top para alugar em Jericoacoara\" \/><\/figure><\/a><\/div><div class=\"swiper-slide\" role=\"group\" aria-roledescription=\"slide\" aria-label=\"11 of 11\"><a data-elementor-open-lightbox=\"yes\" data-elementor-lightbox-slideshow=\"e0d37e8\" data-elementor-lightbox-title=\"Casa para Temporada em Jericoacoara\" data-elementor-lightbox-description=\"Casa para Temporada em Jericoacoara\" data-e-action-hash=\"#elementor-action%3Aaction%3Dlightbox%26settings%3DeyJpZCI6MTgwNzAzLCJ1cmwiOiJodHRwczpcL1wvd3d3LnBvcnRhbGplcmljb2Fjb2FyYS5jb20uYnJcL2VuXC93cC1jb250ZW50XC91cGxvYWRzXC8yMDI1XC8wMlwvQ2FzYS1uby1yb29mLXRvcC1wYXJhLWFsdWdhci1lbS1KZXJpY29hY29hcmEtMTEuanBnIiwic2xpZGVzaG93IjoiZTBkMzdlOCJ9\" href=\"https:\/\/www.portaljericoacoara.com.br\/en\/wp-content\/uploads\/2025\/02\/Casa-no-roof-top-para-alugar-em-Jericoacoara-11.jpg\"><figure class=\"swiper-slide-inner\"><img decoding=\"async\" class=\"swiper-slide-image\" src=\"https:\/\/www.portaljericoacoara.com.br\/en\/wp-content\/uploads\/2025\/02\/Casa-no-roof-top-para-alugar-em-Jericoacoara-11.jpg\" alt=\"Casa para Temporada em Jericoacoara\" \/><\/figure><\/a><\/div>\t\t\t<\/div>\n\t\t\t\t\t\t\t\t\t\t\t\t<div class=\"elementor-swiper-button elementor-swiper-button-prev\" role=\"button\" tabindex=\"0\">\n\t\t\t\t\t\t<svg aria-hidden=\"true\" class=\"e-font-icon-svg e-eicon-chevron-left\" viewBox=\"0 0 1000 1000\" xmlns=\"http:\/\/www.w3.org\/2000\/svg\"><path d=\"M646 125C629 125 613 133 604 142L308 442C296 454 292 471 292 487 292 504 296 521 308 533L604 854C617 867 629 875 646 875 663 875 679 871 692 858 704 846 713 829 713 812 713 796 708 779 692 767L438 487 692 225C700 217 708 204 708 187 708 171 704 154 692 142 675 129 663 125 646 125Z\"><\/path><\/svg>\t\t\t\t\t<\/div>\n\t\t\t\t\t<div class=\"elementor-swiper-button elementor-swiper-button-next\" role=\"button\" tabindex=\"0\">\n\t\t\t\t\t\t<svg aria-hidden=\"true\" class=\"e-font-icon-svg e-eicon-chevron-right\" viewBox=\"0 0 1000 1000\" xmlns=\"http:\/\/www.w3.org\/2000\/svg\"><path d=\"M696 533C708 521 713 504 713 487 713 471 708 454 696 446L400 146C388 133 375 125 354 125 338 125 325 129 313 142 300 154 292 171 292 187 292 204 296 221 308 233L563 492 304 771C292 783 288 800 288 817 288 833 296 850 308 863 321 871 338 875 354 875 371 875 388 867 400 854L696 533Z\"><\/path><\/svg>\t\t\t\t\t<\/div>\n\t\t\t\t\n\t\t\t\t\t\t\t\t\t<div class=\"swiper-pagination\"><\/div>\n\t\t\t\t\t\t\t\t\t<\/div>\n\t\t\t\t\t\t<\/div>\n\t\t\t\t<\/div>\n\t\t\t\t<div class=\"elementor-element elementor-element-e33fe8c elementor-widget elementor-widget-heading\" data-id=\"e33fe8c\" data-element_type=\"widget\" data-widget_type=\"heading.default\">\n\t\t\t\t<div class=\"elementor-widget-container\">\n\t\t\t\t\t<h2 class=\"elementor-heading-title elementor-size-default\">Localiza\u00e7\u00e3o em Jericoacoara<\/h2>\t\t\t\t<\/div>\n\t\t\t\t<\/div>\n\t\t\t\t<div class=\"elementor-element elementor-element-552a186 elementor-widget elementor-widget-google_maps\" data-id=\"552a186\" data-element_type=\"widget\" data-widget_type=\"google_maps.default\">\n\t\t\t\t<div class=\"elementor-widget-container\">\n\t\t\t\t\t\t\t<div class=\"elementor-custom-embed\">\n\t\t\t<iframe loading=\"lazy\"\n\t\t\t\t\tsrc=\"https:\/\/maps.google.com\/maps?q=Jerizz%20house%20jericoacoara&#038;t=m&#038;z=16&#038;output=embed&#038;iwloc=near\"\n\t\t\t\t\ttitle=\"Jerizz house jericoacoara\"\n\t\t\t\t\taria-label=\"Jerizz house jericoacoara\"\n\t\t\t><\/iframe>\n\t\t<\/div>\n\t\t\t\t\t\t<\/div>\n\t\t\t\t<\/div>\n\t\t\t\t\t<\/div>\n\t\t<\/div>\n\t\t\t\t\t<\/div>\n\t\t<\/section>\n\t\t\t\t<\/div>\n\t\t","protected":false},"excerpt":{"rendered":"<p>Casa no Roof Top para alugar em Jericoacoara Valor R$ 2.800 mensal Aluga-se at\u00e9 julho casa no centro de Jericoacoara : No roof top Casa com : 2 quartos de casal, um banheiro ducha quente, sala com sof\u00e1s, sof\u00e1 cama, cozinha, 50 m da praia. +55 88 9929-9339 Galeria de Imagens Localiza\u00e7\u00e3o em Jericoacoara<\/p>\n","protected":false},"author":2,"featured_media":7983,"parent":0,"menu_order":0,"comment_status":"closed","ping_status":"closed","template":"","meta":{"footnotes":""},"class_list":["post-180689","page","type-page","status-publish","has-post-thumbnail","hentry"],"_links":{"self":[{"href":"https:\/\/www.portaljericoacoara.com.br\/en\/wp-json\/wp\/v2\/pages\/180689","targetHints":{"allow":["GET"]}}],"collection":[{"href":"https:\/\/www.portaljericoacoara.com.br\/en\/wp-json\/wp\/v2\/pages"}],"about":[{"href":"https:\/\/www.portaljericoacoara.com.br\/en\/wp-json\/wp\/v2\/types\/page"}],"author":[{"embeddable":true,"href":"https:\/\/www.portaljericoacoara.com.br\/en\/wp-json\/wp\/v2\/users\/2"}],"replies":[{"embeddable":true,"href":"https:\/\/www.portaljericoacoara.com.br\/en\/wp-json\/wp\/v2\/comments?post=180689"}],"version-history":[{"count":4,"href":"https:\/\/www.portaljericoacoara.com.br\/en\/wp-json\/wp\/v2\/pages\/180689\/revisions"}],"predecessor-version":[{"id":180706,"href":"https:\/\/www.portaljericoacoara.com.br\/en\/wp-json\/wp\/v2\/pages\/180689\/revisions\/180706"}],"wp:featuredmedia":[{"embeddable":true,"href":"https:\/\/www.portaljericoacoara.com.br\/en\/wp-json\/wp\/v2\/media\/7983"}],"wp:attachment":[{"href":"https:\/\/www.portaljericoacoara.com.br\/en\/wp-json\/wp\/v2\/media?parent=180689"}],"curies":[{"name":"wp","href":"https:\/\/api.w.org\/{rel}","templated":true}]}}